{"id":847,"date":"2025-05-26T20:03:00","date_gmt":"2025-05-26T20:03:00","guid":{"rendered":"https:\/\/dev.skywheelcancun.com\/producto\/sky-wheel-pass\/"},"modified":"2025-09-24T01:40:23","modified_gmt":"2025-09-24T01:40:23","slug":"sky-wheel-pass","status":"publish","type":"product","link":"https:\/\/skywheelcancun.com\/es\/sky-wheel-pass\/","title":{"rendered":"Sky Museum Pass Duo"},"content":{"rendered":"<p><strong>Entradas:<\/strong> Te enviaremos un correo electr\u00f3nico con tus entradas poco despu\u00e9s de la compra. Puedes enviarlas desde tu dispositivo m\u00f3vil o imprimirlas.<\/p>\n<p><strong>Atenci\u00f3n:<\/strong> Los ni\u00f1os de entre 90 cm y 1,40 m de altura pagan como menores; los mayores de 1,40 m pagan como adultos.<\/p>\n<p><strong>Visitas a las atracciones:<\/strong> Te enviaremos un correo electr\u00f3nico con tus entradas poco despu\u00e9s de la compra. Puedes enviarlas desde tu dispositivo m\u00f3vil o imprimirlas.<\/p>\n<p>Una vez pagada tu entrada, esta tiene una validez de 6 meses para disfrutarla.<\/p>\n","protected":false},"excerpt":{"rendered":"<p>Ideal para quienes buscan una experiencia m\u00e1s corta pero emocionante. Este paquete incluye acceso a nuestros museos\u00a0<strong>Ripley&#8217;s Believe It Or Not<\/strong> y el <strong>Museo de Cera Louis Tussaud<\/strong>. \u00a1T\u00fa decides c\u00f3mo vivir la aventura!<\/p>\n","protected":false},"featured_media":849,"comment_status":"open","ping_status":"closed","template":"","meta":[],"product_brand":[],"product_cat":[29],"product_tag":[],"class_list":{"0":"post-847","1":"product","2":"type-product","3":"status-publish","4":"has-post-thumbnail","6":"product_cat-paquetes","8":"first","9":"instock","10":"shipping-taxable","11":"product-type-grouped"},"_links":{"self":[{"href":"https:\/\/skywheelcancun.com\/es\/wp-json\/wp\/v2\/product\/847","targetHints":{"allow":["GET"]}}],"collection":[{"href":"https:\/\/skywheelcancun.com\/es\/wp-json\/wp\/v2\/product"}],"about":[{"href":"https:\/\/skywheelcancun.com\/es\/wp-json\/wp\/v2\/types\/product"}],"replies":[{"embeddable":true,"href":"https:\/\/skywheelcancun.com\/es\/wp-json\/wp\/v2\/comments?post=847"}],"wp:featuredmedia":[{"embeddable":true,"href":"https:\/\/skywheelcancun.com\/es\/wp-json\/wp\/v2\/media\/849"}],"wp:attachment":[{"href":"https:\/\/skywheelcancun.com\/es\/wp-json\/wp\/v2\/media?parent=847"}],"wp:term":[{"taxonomy":"product_brand","embeddable":true,"href":"https:\/\/skywheelcancun.com\/es\/wp-json\/wp\/v2\/product_brand?post=847"},{"taxonomy":"product_cat","embeddable":true,"href":"https:\/\/skywheelcancun.com\/es\/wp-json\/wp\/v2\/product_cat?post=847"},{"taxonomy":"product_tag","embeddable":true,"href":"https:\/\/skywheelcancun.com\/es\/wp-json\/wp\/v2\/product_tag?post=847"}],"curies":[{"name":"wp","href":"https:\/\/api.w.org\/{rel}","templated":true}]}}