{"id":880,"date":"2025-05-26T05:20:26","date_gmt":"2025-05-26T05:20:26","guid":{"rendered":"https:\/\/dev.skywheelcancun.com\/producto\/sky-wheel-cancun\/"},"modified":"2025-08-08T03:56:13","modified_gmt":"2025-08-08T03:56:13","slug":"sky-wheel-cancun","status":"publish","type":"product","link":"https:\/\/skywheelcancun.com\/es\/sky-wheel-cancun\/","title":{"rendered":"Sky Wheel Cancun\u00ae"},"content":{"rendered":"<p><span class=\"strong\"><strong>Entradas:<\/strong>\u00a0<\/span>Le enviaremos un correo electr\u00f3nico con sus entradas poco despu\u00e9s de la compra; puede presentar las entradas en su dispositivo m\u00f3vil o puede imprimirlas.<\/p>\n<p><strong>Atenci\u00f3n:<\/strong> Los menores de 90cm de altura a 1.40 m de altura pagan como menor, los que pasen de 1.40 m pagan como adultos.<\/p>\n<p><span class=\"strong\"><strong>Visitas a atracciones:<\/strong>\u00a0<\/span>Le enviaremos un correo electr\u00f3nico con sus entradas poco despu\u00e9s de la compra; puede presentar las entradas en su dispositivo m\u00f3vil o puede imprimirlas.<\/p>\n<p class=\"mb-0\">Una vez pagado su boleto tiene una vigencia de 6 meses para disfrutarlo.<\/p>\n","protected":false},"excerpt":{"rendered":"<p>\u00a1Disfruta las mejores vistas del mar Caribe, sus playas y la laguna Nichupt\u00e9 desde un mismo lugar en las alturas!<\/p>\n<p>Ubicada en La Isla Entertainment Village, Sky Wheel Cancun es m\u00e1s que una <strong>rueda de la fortuna en Canc\u00fan<\/strong> sino una rueda panor\u00e1mica de 70 metros de altura, lo que la convierte en la 3\u00aa m\u00e1s grande en Latinoam\u00e9rica; dise\u00f1ada, fabricada e instalada por la empresa holandesa Dutch Wheels.<\/p>\n<p>Cuenta con 35 g\u00f3ndolas con capacidad hasta para 6 personas cada una, equipadas con aire acondicionado y una g\u00f3ndola VIP con piso de cristal para m\u00e1ximo 5 personas. Conoce por qu\u00e9 Skywheel es mucho m\u00e1s que la rueda de la fortuna en Canc\u00fan.<\/p>\n","protected":false},"featured_media":881,"comment_status":"open","ping_status":"closed","template":"","meta":[],"product_brand":[],"product_cat":[30],"product_tag":[],"class_list":{"0":"post-880","1":"product","2":"type-product","3":"status-publish","4":"has-post-thumbnail","6":"product_cat-atracciones","8":"first","9":"instock","10":"shipping-taxable","11":"product-type-grouped"},"_links":{"self":[{"href":"https:\/\/skywheelcancun.com\/es\/wp-json\/wp\/v2\/product\/880","targetHints":{"allow":["GET"]}}],"collection":[{"href":"https:\/\/skywheelcancun.com\/es\/wp-json\/wp\/v2\/product"}],"about":[{"href":"https:\/\/skywheelcancun.com\/es\/wp-json\/wp\/v2\/types\/product"}],"replies":[{"embeddable":true,"href":"https:\/\/skywheelcancun.com\/es\/wp-json\/wp\/v2\/comments?post=880"}],"wp:featuredmedia":[{"embeddable":true,"href":"https:\/\/skywheelcancun.com\/es\/wp-json\/wp\/v2\/media\/881"}],"wp:attachment":[{"href":"https:\/\/skywheelcancun.com\/es\/wp-json\/wp\/v2\/media?parent=880"}],"wp:term":[{"taxonomy":"product_brand","embeddable":true,"href":"https:\/\/skywheelcancun.com\/es\/wp-json\/wp\/v2\/product_brand?post=880"},{"taxonomy":"product_cat","embeddable":true,"href":"https:\/\/skywheelcancun.com\/es\/wp-json\/wp\/v2\/product_cat?post=880"},{"taxonomy":"product_tag","embeddable":true,"href":"https:\/\/skywheelcancun.com\/es\/wp-json\/wp\/v2\/product_tag?post=880"}],"curies":[{"name":"wp","href":"https:\/\/api.w.org\/{rel}","templated":true}]}}